{"id":554,"date":"2019-10-16T09:06:38","date_gmt":"2019-10-16T09:06:38","guid":{"rendered":"https:\/\/drima-al.com\/?post_type=product&#038;p=554"},"modified":"2019-10-16T09:20:05","modified_gmt":"2019-10-16T09:20:05","slug":"makine-zig-zagl2290a-ss-7","status":"publish","type":"product","link":"https:\/\/drima-al.com\/index.php\/product\/makine-zig-zagl2290a-ss-7\/","title":{"rendered":"Makine Zig ZagL2290A-SS-7"},"content":{"rendered":"<p><strong><span style=\"color: #333333;\">-Kodi L2290A-SS-7<\/span><\/strong><\/p>\n<p><strong><span style=\"color: #333333;\">-Full Automatik<\/span><\/strong><\/p>\n<p><strong><span style=\"color: #333333;\">-Me shume procese<\/span><\/strong><\/p>\n<p><strong><span style=\"color: #333333;\">-Panel Elektronik<\/span><\/strong><\/p>\n","protected":false},"excerpt":{"rendered":"<p style=\"text-align: justify;\"><span style=\"color: #333333;\">Drima Accessories &amp; Textile ofron artikuj t\u00eb ndrysh\u00ebm rrobaqep\u00ebsie, makina qep\u00ebse, hekura profesional, aksesor\u00eb p\u00ebr industrin\u00eb etj. Sjellim p\u00ebr t\u00eb gjith\u00eb klient\u00ebt tan\u00eb bojra, fije peri, fjongo, tekstile, elemente dekorative, gjilp\u00ebra, makina industriale, prer\u00ebse, sharra, hekura e \u00e7do gj\u00eb tjet\u00ebr.<\/span><\/p>\n","protected":false},"featured_media":560,"template":"","meta":[],"product_brand":[],"product_cat":[52,215],"product_tag":[81,82,83,222],"class_list":{"0":"post-554","1":"product","2":"type-product","3":"status-publish","4":"has-post-thumbnail","6":"product_cat-makina-industriale-qepese","7":"product_cat-makine-zig-zag","8":"product_tag-artikuj-rrobaqepsie","9":"product_tag-atelie","10":"product_tag-drima","11":"product_tag-makine-zig-zagl2290a-ss-7","12":"description-off","14":"first","15":"instock","16":"shipping-taxable","17":"product-type-simple"},"_links":{"self":[{"href":"https:\/\/drima-al.com\/index.php\/wp-json\/wp\/v2\/product\/554","targetHints":{"allow":["GET"]}}],"collection":[{"href":"https:\/\/drima-al.com\/index.php\/wp-json\/wp\/v2\/product"}],"about":[{"href":"https:\/\/drima-al.com\/index.php\/wp-json\/wp\/v2\/types\/product"}],"wp:featuredmedia":[{"embeddable":true,"href":"https:\/\/drima-al.com\/index.php\/wp-json\/wp\/v2\/media\/560"}],"wp:attachment":[{"href":"https:\/\/drima-al.com\/index.php\/wp-json\/wp\/v2\/media?parent=554"}],"wp:term":[{"taxonomy":"product_brand","embeddable":true,"href":"https:\/\/drima-al.com\/index.php\/wp-json\/wp\/v2\/product_brand?post=554"},{"taxonomy":"product_cat","embeddable":true,"href":"https:\/\/drima-al.com\/index.php\/wp-json\/wp\/v2\/product_cat?post=554"},{"taxonomy":"product_tag","embeddable":true,"href":"https:\/\/drima-al.com\/index.php\/wp-json\/wp\/v2\/product_tag?post=554"}],"curies":[{"name":"wp","href":"https:\/\/api.w.org\/{rel}","templated":true}]}}