{"id":467,"date":"2019-10-15T12:15:50","date_gmt":"2019-10-15T12:15:50","guid":{"rendered":"https:\/\/drima-al.com\/?post_type=product&#038;p=467"},"modified":"2019-10-16T08:44:14","modified_gmt":"2019-10-16T08:44:14","slug":"makine-12-gjilpereshdrima-vc008","status":"publish","type":"product","link":"https:\/\/drima-al.com\/index.php\/product\/makine-12-gjilpereshdrima-vc008\/","title":{"rendered":"Makine 12 GjilpereshDrima Vc008"},"content":{"rendered":"<ul>\n<li><span style=\"color: #333333;\"><strong>Kodi VC008<\/strong><\/span><\/li>\n<li><span style=\"color: #333333;\"><strong>12 Gjilperesh<\/strong><\/span><\/li>\n<li><span style=\"color: #333333;\"><strong>Per qepjen e tutave, qemer,fileto etj<\/strong><\/span><\/li>\n<\/ul>\n","protected":false},"excerpt":{"rendered":"<p style=\"text-align: justify;\"><span style=\"color: #333333;\">Drima Accessories &amp; Textile ofron artikuj t\u00eb ndrysh\u00ebm rrobaqep\u00ebsie, makina qep\u00ebse, hekura profesional, aksesor\u00eb p\u00ebr industrin\u00eb etj. Sjellim p\u00ebr t\u00eb gjith\u00eb klient\u00ebt tan\u00eb bojra, fije peri, fjongo, tekstile, elemente dekorative, gjilp\u00ebra, makina industriale, prer\u00ebse, sharra, hekura e \u00e7do gj\u00eb tjet\u00ebr.<\/span><\/p>\n","protected":false},"featured_media":468,"template":"","meta":[],"product_brand":[],"product_cat":[198,52],"product_tag":[81,82,83,170],"class_list":{"0":"post-467","1":"product","2":"type-product","3":"status-publish","4":"has-post-thumbnail","6":"product_cat-makina-12-gjilperesh","7":"product_cat-makina-industriale-qepese","8":"product_tag-artikuj-rrobaqepsie","9":"product_tag-atelie","10":"product_tag-drima","11":"product_tag-makine-12-gjilpereshdrima-vc008","12":"description-off","14":"first","15":"instock","16":"shipping-taxable","17":"product-type-simple"},"_links":{"self":[{"href":"https:\/\/drima-al.com\/index.php\/wp-json\/wp\/v2\/product\/467","targetHints":{"allow":["GET"]}}],"collection":[{"href":"https:\/\/drima-al.com\/index.php\/wp-json\/wp\/v2\/product"}],"about":[{"href":"https:\/\/drima-al.com\/index.php\/wp-json\/wp\/v2\/types\/product"}],"wp:featuredmedia":[{"embeddable":true,"href":"https:\/\/drima-al.com\/index.php\/wp-json\/wp\/v2\/media\/468"}],"wp:attachment":[{"href":"https:\/\/drima-al.com\/index.php\/wp-json\/wp\/v2\/media?parent=467"}],"wp:term":[{"taxonomy":"product_brand","embeddable":true,"href":"https:\/\/drima-al.com\/index.php\/wp-json\/wp\/v2\/product_brand?post=467"},{"taxonomy":"product_cat","embeddable":true,"href":"https:\/\/drima-al.com\/index.php\/wp-json\/wp\/v2\/product_cat?post=467"},{"taxonomy":"product_tag","embeddable":true,"href":"https:\/\/drima-al.com\/index.php\/wp-json\/wp\/v2\/product_tag?post=467"}],"curies":[{"name":"wp","href":"https:\/\/api.w.org\/{rel}","templated":true}]}}