{"id":371,"date":"2019-10-14T13:54:26","date_gmt":"2019-10-14T13:54:26","guid":{"rendered":"https:\/\/drima-al.com\/?post_type=product&#038;p=371"},"modified":"2019-10-14T14:03:44","modified_gmt":"2019-10-14T14:03:44","slug":"tavoline-hekurosje-pa-kaldaje-bf291","status":"publish","type":"product","link":"https:\/\/drima-al.com\/index.php\/product\/tavoline-hekurosje-pa-kaldaje-bf291\/","title":{"rendered":"Tavoline Hekurosje pa kaldaje BF291"},"content":{"rendered":"<p><img loading=\"lazy\" decoding=\"async\" class=\"alignnone size-full wp-image-319\" src=\"https:\/\/drima-al.com\/wp-content\/uploads\/2019\/10\/Untitled-2-2.jpg\" alt=\"\" width=\"158\" height=\"84\" \/><\/p>\n<ul>\n<li><span style=\"color: #333333;\"><strong><em>Kodi :<\/em><\/strong><em> <strong>BF291<\/strong><\/em><\/span><\/li>\n<li><span style=\"color: #333333;\"><strong><em>Energjia :<\/em><\/strong><em> <strong>230 V 50\/60 Hz<\/strong><\/em> <\/span><\/li>\n<li><span style=\"color: #333333;\"><strong><em>Aspirim <\/em><\/strong><\/span><\/li>\n<li><span style=\"color: #333333;\"><strong><em>Ngrohje <\/em><\/strong><\/span><\/li>\n<li><span style=\"color: #333333;\"><strong><em>Pesha :<\/em><\/strong><em> <strong>18.5 Kg<\/strong><\/em> <\/span><\/li>\n<li><span style=\"color: #333333;\"><strong><em>P\u00ebrmasat :<\/em><\/strong><\/span><em> <strong><span style=\"color: #333333;\">139 cm * 42 cm * 85\/90 cm<\/span> <\/strong><\/em><\/li>\n<\/ul>\n","protected":false},"excerpt":{"rendered":"<p style=\"text-align: justify;\"><span style=\"color: #333333;\">Drima Accessories &amp; Textile ofron artikuj t\u00eb ndrysh\u00ebm rrobaqep\u00ebsie, makina qep\u00ebse, hekura profesional, aksesor\u00eb p\u00ebr industrin\u00eb etj. Sjellim p\u00ebr t\u00eb gjith\u00eb klient\u00ebt tan\u00eb bojra, fije peri, fjongo, tekstile, elemente dekorative, gjilp\u00ebra, makina industriale, prer\u00ebse, sharra, hekura e \u00e7do gj\u00eb tjet\u00ebr.<\/span><\/p>\n","protected":false},"featured_media":364,"template":"","meta":[],"product_brand":[],"product_cat":[45,50],"product_tag":[83,129,130,141],"class_list":{"0":"post-371","1":"product","2":"type-product","3":"status-publish","4":"has-post-thumbnail","6":"product_cat-hekura-tavolina-hekurosje-profesionale","7":"product_cat-tavoline-hekurosje-pa-kaldaje","8":"product_tag-drima","9":"product_tag-hekura","10":"product_tag-tavolina-hekurosje","11":"product_tag-tavoline-hekurosje-pa-kaldaje","12":"description-off","14":"first","15":"instock","16":"shipping-taxable","17":"product-type-simple"},"_links":{"self":[{"href":"https:\/\/drima-al.com\/index.php\/wp-json\/wp\/v2\/product\/371","targetHints":{"allow":["GET"]}}],"collection":[{"href":"https:\/\/drima-al.com\/index.php\/wp-json\/wp\/v2\/product"}],"about":[{"href":"https:\/\/drima-al.com\/index.php\/wp-json\/wp\/v2\/types\/product"}],"wp:featuredmedia":[{"embeddable":true,"href":"https:\/\/drima-al.com\/index.php\/wp-json\/wp\/v2\/media\/364"}],"wp:attachment":[{"href":"https:\/\/drima-al.com\/index.php\/wp-json\/wp\/v2\/media?parent=371"}],"wp:term":[{"taxonomy":"product_brand","embeddable":true,"href":"https:\/\/drima-al.com\/index.php\/wp-json\/wp\/v2\/product_brand?post=371"},{"taxonomy":"product_cat","embeddable":true,"href":"https:\/\/drima-al.com\/index.php\/wp-json\/wp\/v2\/product_cat?post=371"},{"taxonomy":"product_tag","embeddable":true,"href":"https:\/\/drima-al.com\/index.php\/wp-json\/wp\/v2\/product_tag?post=371"}],"curies":[{"name":"wp","href":"https:\/\/api.w.org\/{rel}","templated":true}]}}