{"id":349,"date":"2019-10-14T13:40:18","date_gmt":"2019-10-14T13:40:18","guid":{"rendered":"https:\/\/drima-al.com\/?post_type=product&#038;p=349"},"modified":"2019-10-14T13:42:56","modified_gmt":"2019-10-14T13:42:56","slug":"tavoline-hekurosje-me-kaldaje-bf085","status":"publish","type":"product","link":"https:\/\/drima-al.com\/index.php\/product\/tavoline-hekurosje-me-kaldaje-bf085\/","title":{"rendered":"Tavoline Hekurosje me Kaldaje BF085"},"content":{"rendered":"<p><img loading=\"lazy\" decoding=\"async\" class=\"alignnone size-full wp-image-319\" src=\"https:\/\/drima-al.com\/wp-content\/uploads\/2019\/10\/Untitled-2-2.jpg\" alt=\"\" width=\"158\" height=\"84\" \/><\/p>\n<ul>\n<li><span style=\"color: #333333;\"><strong><em>Kodi : BF085 <\/em><\/strong><\/span><\/li>\n<li><span style=\"color: #333333;\"><strong><em>Energjia:230V 60\/50Hz<\/em><\/strong><\/span><\/li>\n<li><span style=\"color: #333333;\"><strong><em>Kaldaja : 2.8Lt Automatike <\/em><\/strong><\/span><\/li>\n<li><span style=\"color: #333333;\"><strong><em>Fuqia e Kaldaj\u00ebs : 900+900 Watt <\/em><\/strong><\/span><\/li>\n<li><span style=\"color: #333333;\"><strong><em>Presioni Avullit : 3 Bar Aspirim <\/em><\/strong><\/span><\/li>\n<li><span style=\"color: #333333;\"><strong><em>Ngrohje \u2022Pesha : 30 Kg<\/em><\/strong><\/span><\/li>\n<li><span style=\"color: #333333;\"><strong><em>P\u00ebrmasat : 127 cm * 42 cm * 90 cm<\/em><\/strong><\/span><\/li>\n<\/ul>\n","protected":false},"excerpt":{"rendered":"<p style=\"text-align: justify;\"><span style=\"color: #333333;\">Drima Accessories &amp; Textile ofron artikuj t\u00eb ndrysh\u00ebm rrobaqep\u00ebsie, makina qep\u00ebse, hekura profesional, aksesor\u00eb p\u00ebr industrin\u00eb etj. Sjellim p\u00ebr t\u00eb gjith\u00eb klient\u00ebt tan\u00eb bojra, fije peri, fjongo, tekstile, elemente dekorative, gjilp\u00ebra, makina industriale, prer\u00ebse, sharra, hekura e \u00e7do gj\u00eb tjet\u00ebr.<\/span><\/p>\n","protected":false},"featured_media":340,"template":"","meta":[],"product_brand":[],"product_cat":[45,49],"product_tag":[83,129,130,140],"class_list":{"0":"post-349","1":"product","2":"type-product","3":"status-publish","4":"has-post-thumbnail","6":"product_cat-hekura-tavolina-hekurosje-profesionale","7":"product_cat-tavoline-hekurosje-me-kaldaje","8":"product_tag-drima","9":"product_tag-hekura","10":"product_tag-tavolina-hekurosje","11":"product_tag-tavoline-hekurosje-me-kaldaje","12":"description-off","14":"first","15":"instock","16":"shipping-taxable","17":"product-type-simple"},"_links":{"self":[{"href":"https:\/\/drima-al.com\/index.php\/wp-json\/wp\/v2\/product\/349","targetHints":{"allow":["GET"]}}],"collection":[{"href":"https:\/\/drima-al.com\/index.php\/wp-json\/wp\/v2\/product"}],"about":[{"href":"https:\/\/drima-al.com\/index.php\/wp-json\/wp\/v2\/types\/product"}],"wp:featuredmedia":[{"embeddable":true,"href":"https:\/\/drima-al.com\/index.php\/wp-json\/wp\/v2\/media\/340"}],"wp:attachment":[{"href":"https:\/\/drima-al.com\/index.php\/wp-json\/wp\/v2\/media?parent=349"}],"wp:term":[{"taxonomy":"product_brand","embeddable":true,"href":"https:\/\/drima-al.com\/index.php\/wp-json\/wp\/v2\/product_brand?post=349"},{"taxonomy":"product_cat","embeddable":true,"href":"https:\/\/drima-al.com\/index.php\/wp-json\/wp\/v2\/product_cat?post=349"},{"taxonomy":"product_tag","embeddable":true,"href":"https:\/\/drima-al.com\/index.php\/wp-json\/wp\/v2\/product_tag?post=349"}],"curies":[{"name":"wp","href":"https:\/\/api.w.org\/{rel}","templated":true}]}}