{"id":335,"date":"2019-10-14T13:26:27","date_gmt":"2019-10-14T13:26:27","guid":{"rendered":"https:\/\/drima-al.com\/?post_type=product&#038;p=335"},"modified":"2019-10-14T13:31:35","modified_gmt":"2019-10-14T13:31:35","slug":"hekur-me-kaldaje-bf425","status":"publish","type":"product","link":"https:\/\/drima-al.com\/index.php\/product\/hekur-me-kaldaje-bf425\/","title":{"rendered":"Hekur me Kaldaje BF425"},"content":{"rendered":"<p><img loading=\"lazy\" decoding=\"async\" class=\"alignnone size-full wp-image-319\" src=\"https:\/\/drima-al.com\/wp-content\/uploads\/2019\/10\/Untitled-2-2.jpg\" alt=\"\" width=\"158\" height=\"84\" \/><\/p>\n<ul>\n<li><span style=\"color: #333333;\"><strong><em>Kodi : BF425<\/em><\/strong><\/span><\/li>\n<li><span style=\"color: #333333;\"> <strong><em>\u2022Energjia : 230 \/380V 50\/60 Hz<\/em><\/strong> <\/span><\/li>\n<li><span style=\"color: #333333;\"><strong><em>\u2022Kaldaja : 5 Lt Automatike<\/em><\/strong><\/span><\/li>\n<li><span style=\"color: #333333;\"> <strong><em>\u2022Fuqia e Kaldaj\u00ebs : 3000\/4500 Watt<\/em><\/strong><\/span><\/li>\n<li><span style=\"color: #333333;\"><strong><em>\u2022Presioni Avullit : 3.5 Bar<\/em><\/strong><\/span><\/li>\n<li><span style=\"color: #333333;\"> <strong><em>\u2022Pesha : 31\u00a0 Kg<\/em><\/strong> <strong><em>\u00a0<\/em><\/strong><\/span><\/li>\n<\/ul>\n","protected":false},"excerpt":{"rendered":"<p style=\"text-align: justify;\"><span style=\"color: #333333;\">Drima Accessories &amp; Textile ofron artikuj t\u00eb ndrysh\u00ebm rrobaqep\u00ebsie, makina qep\u00ebse, hekura profesional, aksesor\u00eb p\u00ebr industrin\u00eb etj. Sjellim p\u00ebr t\u00eb gjith\u00eb klient\u00ebt tan\u00eb bojra, fije peri, fjongo, tekstile, elemente dekorative, gjilp\u00ebra, makina industriale, prer\u00ebse, sharra, hekura e \u00e7do gj\u00eb tjet\u00ebr.<\/span><\/p>\n","protected":false},"featured_media":331,"template":"","meta":[],"product_brand":[],"product_cat":[45,48],"product_tag":[139,83,137,129,130],"class_list":{"0":"post-335","1":"product","2":"type-product","3":"status-publish","4":"has-post-thumbnail","6":"product_cat-hekura-tavolina-hekurosje-profesionale","7":"product_cat-hekura-me-kaldaje","8":"product_tag-bf425","9":"product_tag-drima","10":"product_tag-hekur-me-kaldaje","11":"product_tag-hekura","12":"product_tag-tavolina-hekurosje","13":"description-off","15":"first","16":"instock","17":"shipping-taxable","18":"product-type-simple"},"_links":{"self":[{"href":"https:\/\/drima-al.com\/index.php\/wp-json\/wp\/v2\/product\/335","targetHints":{"allow":["GET"]}}],"collection":[{"href":"https:\/\/drima-al.com\/index.php\/wp-json\/wp\/v2\/product"}],"about":[{"href":"https:\/\/drima-al.com\/index.php\/wp-json\/wp\/v2\/types\/product"}],"wp:featuredmedia":[{"embeddable":true,"href":"https:\/\/drima-al.com\/index.php\/wp-json\/wp\/v2\/media\/331"}],"wp:attachment":[{"href":"https:\/\/drima-al.com\/index.php\/wp-json\/wp\/v2\/media?parent=335"}],"wp:term":[{"taxonomy":"product_brand","embeddable":true,"href":"https:\/\/drima-al.com\/index.php\/wp-json\/wp\/v2\/product_brand?post=335"},{"taxonomy":"product_cat","embeddable":true,"href":"https:\/\/drima-al.com\/index.php\/wp-json\/wp\/v2\/product_cat?post=335"},{"taxonomy":"product_tag","embeddable":true,"href":"https:\/\/drima-al.com\/index.php\/wp-json\/wp\/v2\/product_tag?post=335"}],"curies":[{"name":"wp","href":"https:\/\/api.w.org\/{rel}","templated":true}]}}