{"id":322,"date":"2019-10-14T13:16:15","date_gmt":"2019-10-14T13:16:15","guid":{"rendered":"https:\/\/drima-al.com\/?post_type=product&#038;p=322"},"modified":"2019-10-14T13:34:36","modified_gmt":"2019-10-14T13:34:36","slug":"hekur-me-kaldaje-bf03p","status":"publish","type":"product","link":"https:\/\/drima-al.com\/index.php\/product\/hekur-me-kaldaje-bf03p\/","title":{"rendered":"Hekur me Kaldaje BF03P"},"content":{"rendered":"<p><img loading=\"lazy\" decoding=\"async\" class=\"alignnone size-full wp-image-319\" src=\"https:\/\/drima-al.com\/wp-content\/uploads\/2019\/10\/Untitled-2-2.jpg\" alt=\"\" width=\"158\" height=\"84\" \/><\/p>\n<ul>\n<li><strong><em>Kodi : BF03P<\/em><\/strong><\/li>\n<li><strong><em>Energjia : 230 V 50\/60 Hz <\/em><\/strong><\/li>\n<li><strong><em>Kaldaja : 5 Lt <\/em><\/strong><\/li>\n<li><strong><em>Fuqia e kaldaj\u00ebs : 1300+900 Watt<\/em><\/strong><\/li>\n<li><strong><em>Presioni Avullit : 3 Bar <\/em><\/strong><\/li>\n<li><strong><em>Pesha : 10 Kg <\/em><\/strong><\/li>\n<li><strong><em>P\u00ebrmasat : 24.5 cm * 36.5 cm * 43 cm<\/em><\/strong><\/li>\n<\/ul>\n","protected":false},"excerpt":{"rendered":"<p style=\"text-align: justify;\"><span style=\"color: #333333;\">Drima Accessories &amp; Textile ofron artikuj t\u00eb ndrysh\u00ebm rrobaqep\u00ebsie, makina qep\u00ebse, hekura profesional, aksesor\u00eb p\u00ebr industrin\u00eb etj. Sjellim p\u00ebr t\u00eb gjith\u00eb klient\u00ebt tan\u00eb bojra, fije peri, fjongo, tekstile, elemente dekorative, gjilp\u00ebra, makina industriale, prer\u00ebse, sharra, hekura e \u00e7do gj\u00eb tjet\u00ebr.<\/span><\/p>\n","protected":false},"featured_media":326,"template":"","meta":[],"product_brand":[],"product_cat":[45,48],"product_tag":[133,83,137,129,130],"class_list":{"0":"post-322","1":"product","2":"type-product","3":"status-publish","4":"has-post-thumbnail","6":"product_cat-hekura-tavolina-hekurosje-profesionale","7":"product_cat-hekura-me-kaldaje","8":"product_tag-bf03p","9":"product_tag-drima","10":"product_tag-hekur-me-kaldaje","11":"product_tag-hekura","12":"product_tag-tavolina-hekurosje","13":"description-off","15":"first","16":"instock","17":"shipping-taxable","18":"product-type-simple"},"_links":{"self":[{"href":"https:\/\/drima-al.com\/index.php\/wp-json\/wp\/v2\/product\/322","targetHints":{"allow":["GET"]}}],"collection":[{"href":"https:\/\/drima-al.com\/index.php\/wp-json\/wp\/v2\/product"}],"about":[{"href":"https:\/\/drima-al.com\/index.php\/wp-json\/wp\/v2\/types\/product"}],"wp:featuredmedia":[{"embeddable":true,"href":"https:\/\/drima-al.com\/index.php\/wp-json\/wp\/v2\/media\/326"}],"wp:attachment":[{"href":"https:\/\/drima-al.com\/index.php\/wp-json\/wp\/v2\/media?parent=322"}],"wp:term":[{"taxonomy":"product_brand","embeddable":true,"href":"https:\/\/drima-al.com\/index.php\/wp-json\/wp\/v2\/product_brand?post=322"},{"taxonomy":"product_cat","embeddable":true,"href":"https:\/\/drima-al.com\/index.php\/wp-json\/wp\/v2\/product_cat?post=322"},{"taxonomy":"product_tag","embeddable":true,"href":"https:\/\/drima-al.com\/index.php\/wp-json\/wp\/v2\/product_tag?post=322"}],"curies":[{"name":"wp","href":"https:\/\/api.w.org\/{rel}","templated":true}]}}