{"id":311,"date":"2019-10-14T13:00:27","date_gmt":"2019-10-14T13:00:27","guid":{"rendered":"https:\/\/drima-al.com\/?post_type=product&#038;p=311"},"modified":"2019-10-14T13:08:28","modified_gmt":"2019-10-14T13:08:28","slug":"aksesore_01","status":"publish","type":"product","link":"https:\/\/drima-al.com\/index.php\/product\/aksesore_01\/","title":{"rendered":"Aksesore_01"},"content":{"rendered":"","protected":false},"excerpt":{"rendered":"<p style=\"text-align: justify;\"><span style=\"color: #333333;\">Drima Accessories &amp; Textile ofron artikuj t\u00eb ndrysh\u00ebm rrobaqep\u00ebsie, makina qep\u00ebse, hekura profesional, aksesor\u00eb p\u00ebr industrin\u00eb etj. Sjellim p\u00ebr t\u00eb gjith\u00eb klient\u00ebt tan\u00eb bojra, fije peri, fjongo, tekstile, elemente dekorative, gjilp\u00ebra, makina industriale, prer\u00ebse, sharra, hekura e \u00e7do gj\u00eb tjet\u00ebr.<\/span><\/p>\n","protected":false},"featured_media":312,"template":"","meta":[],"product_brand":[],"product_cat":[46,45],"product_tag":[128,83,129,130],"class_list":{"0":"post-311","1":"product","2":"type-product","3":"status-publish","4":"has-post-thumbnail","6":"product_cat-aksesore","7":"product_cat-hekura-tavolina-hekurosje-profesionale","8":"product_tag-aksesore","9":"product_tag-drima","10":"product_tag-hekura","11":"product_tag-tavolina-hekurosje","12":"description-off","14":"first","15":"instock","16":"shipping-taxable","17":"product-type-simple"},"_links":{"self":[{"href":"https:\/\/drima-al.com\/index.php\/wp-json\/wp\/v2\/product\/311","targetHints":{"allow":["GET"]}}],"collection":[{"href":"https:\/\/drima-al.com\/index.php\/wp-json\/wp\/v2\/product"}],"about":[{"href":"https:\/\/drima-al.com\/index.php\/wp-json\/wp\/v2\/types\/product"}],"wp:featuredmedia":[{"embeddable":true,"href":"https:\/\/drima-al.com\/index.php\/wp-json\/wp\/v2\/media\/312"}],"wp:attachment":[{"href":"https:\/\/drima-al.com\/index.php\/wp-json\/wp\/v2\/media?parent=311"}],"wp:term":[{"taxonomy":"product_brand","embeddable":true,"href":"https:\/\/drima-al.com\/index.php\/wp-json\/wp\/v2\/product_brand?post=311"},{"taxonomy":"product_cat","embeddable":true,"href":"https:\/\/drima-al.com\/index.php\/wp-json\/wp\/v2\/product_cat?post=311"},{"taxonomy":"product_tag","embeddable":true,"href":"https:\/\/drima-al.com\/index.php\/wp-json\/wp\/v2\/product_tag?post=311"}],"curies":[{"name":"wp","href":"https:\/\/api.w.org\/{rel}","templated":true}]}}